{"id":3312,"date":"2020-11-05T12:40:15","date_gmt":"2020-11-05T12:40:15","guid":{"rendered":"https:\/\/adluxury.holiday\/uvjeti-koristenjau\/"},"modified":"2020-11-05T13:07:22","modified_gmt":"2020-11-05T13:07:22","slug":"uvjeti-koristenja","status":"publish","type":"page","link":"https:\/\/adluxury.eu\/hr\/uvjeti-koristenja\/","title":{"rendered":"Uvjeti kori\u0161tenja"},"content":{"rendered":"<h3>Rezervacija i pla\u0107anje<\/h3>\n<p>Mo\u017eete poslati upit putem na\u0161e web stranice <a>adluxury.eu<\/A>\u00a0ili e-po\u0161tom na <a href=\"mailto:vilamonaco5@gmail.com\">vilamonaco5@gmail.com<\/a>.<\/p>\n<p>Nakon \u0161to primimo va\u0161u potvrdu o pla\u0107anju, dobit \u0107ete vau\u010der. Molimo vas da ga pa\u017eljivo pregledate te da nam odmah javite ako vau\u010der sadr\u017ei neto\u010dne ili nepotpune informacije.<\/p>\n<p>Komunikacija e-po\u0161tom izme\u0111u gosta i Adluxury holiday te vau\u010der koji Adluxury holiday izdaje gostu smatraju se ugovorom izme\u0111u gosta i Adluxury holiday.<\/p>\n<p>Ne prihva\u0107amo rezervacije osoba mla\u0111ih od 18 godina.<\/p>\n<h3>Na\u010din pla\u0107anja<\/h3>\n<p>Rezervaciju mo\u017eete platiti kreditnim i debitnim karticama MasterCard, Maestro, VISA, American Express, Diners, Discover<\/p>\n<p>Adluxury holiday za pla\u0107anja kreditnim karticama koristi WSPay sustav za online pla\u0107anja.<\/p>\n<p>WSPay je siguran sustav za online pla\u0107anje, pla\u0107anje u realnom vremenu, kreditnim i debitnim karticama te drugim na\u010dinima pla\u0107anja. WSPay kupcu i trgovcu osiguravaju siguran upis i prijenos upisanih podataka o karticama \u0161to potvr\u0111uje i PCI DSS certifikat koji WSPay ima. WSPay koristi SSL certifikat 256 bitne enkripcije te TLS 1.2 kriptografski protokol kao najvi\u0161e stupnjeve za\u0161tite kod upisa i prijenosa podataka.<\/p>\n<p>Apartmani Dizdar d.o.o. ne preuzima odgovornost za eventualne izravne ili neizravne \u0161tete koje kupci mogu pretrpjeti zbog privremene, djelomi\u010dne ili potpune nedostupnosti WSPay usluge.<\/p>\n<p>Podaci o kreditnim karticama kupca ne nalaze se u bazi podataka Futti web trgovine niti Apartmani Dizdar d.o.o., ve\u0107 samo i isklju\u010divo na serveru banke. Radi za\u0161tite Va\u0161ih podataka, WSPay sustav ne dopu\u0161ta naplatu ve\u0107eg iznosa od iznosa transakcije niti uvid u broj Va\u0161e kreditne kartice. Apartmani Dizdar d.o.o. nema uvid u bankovne podatke kupca te niti u jednom trenutku nema pristup broju kreditne kartice kupca. Dostupan joj je samo broj autorizirane transakcije \u0161to omogu\u0107uje naplatu cijelog ili djelomi\u010dnog iznosa dogovorene transakcije ili otkazivanje iz razloga dogovorenih s kupcem.<\/p>\n<p class=\"card-logos\"><a title=\"MasterCard\" href=\"https:\/\/www.mastercard.hr\/\" target=\"_blank\" rel=\"noopener noreferrer\"><img decoding=\"async\" style=\"margin: 0pt 5px;\" src=\"https:\/\/adluxury.eu\/wp-content\/uploads\/2020\/11\/MasterCard-80x50-1.gif\" alt=\"MasterCard\" width=\"80\" height=\"50\" border=\"0\" \/><\/a><a title=\"Maestro\" href=\"https:\/\/www.mastercard.hr\/hr-hr\/consumers\/find-card-products\/debit-cards\/maestro-debit.html\" target=\"_blank\" rel=\"noopener noreferrer\"><img decoding=\"async\" style=\"margin: 0pt 5px;\" src=\"https:\/\/adluxury.eu\/wp-content\/uploads\/2020\/11\/Maestro-80x50-1.gif\" alt=\"Maestro\" width=\"80\" height=\"50\" border=\"0\" \/><\/a> <a title=\"Visa\" href=\"https:\/\/www.visa.com.hr\/\" target=\"_blank\" rel=\"noopener noreferrer\"><img decoding=\"async\" style=\"margin: 0pt 5px;\" src=\"https:\/\/adluxury.eu\/wp-content\/uploads\/2020\/11\/Visa-80x50-1.gif\" alt=\"Visa\" width=\"80\" height=\"50\" border=\"0\" \/><\/a> <a title=\"American Express\" href=\"https:\/\/www.americanexpress.com\/\" target=\"_blank\" rel=\"noopener noreferrer\"><img loading=\"lazy\" decoding=\"async\" style=\"margin: 0pt 5px;\" src=\"https:\/\/adluxury.eu\/wp-content\/uploads\/2020\/11\/AmericanExpress-62x50-1.jpg\" alt=\"MasterCard\" width=\"62\" height=\"50\" border=\"0\" \/><\/a> <a title=\"Diners Club International\" href=\"https:\/\/www.diners.hr\/\" target=\"_blank\" rel=\"noopener noreferrer\"><img loading=\"lazy\" decoding=\"async\" style=\"margin: 0pt 5px;\" src=\"https:\/\/adluxury.eu\/wp-content\/uploads\/2020\/11\/Diners-64x50-1.png\" alt=\"Diners Club International\" width=\"64\" height=\"50\" border=\"0\" \/><\/a> <a title=\"Discover\" href=\"https:\/\/www.discover.com\/\" target=\"_blank\" rel=\"noopener noreferrer\"><img loading=\"lazy\" decoding=\"async\" style=\"margin: 0pt 5px;\" src=\"https:\/\/adluxury.eu\/wp-content\/uploads\/2020\/11\/Discover-78x50-1.png\" alt=\"Discover\" width=\"78\" height=\"50\" border=\"0\" \/><\/a> <a title=\"WSpay - Web Secure Payment Gateway\" href=\"https:\/\/www.wspay.info\/\" target=\"_blank\" rel=\"noopener noreferrer\"><img loading=\"lazy\" decoding=\"async\" src=\"https:\/\/adluxury.eu\/wp-content\/uploads\/2020\/11\/WsPay-106x50-1.png\" alt=\"WSpay - Web Secure Payment Gateway\" width=\"106\" height=\"50\" border=\"0\" \/> <\/a><\/p>\n<p class=\"card-logos\"><a title=\"WSpay - Web Secure Payment Gateway\" href=\"https:\/\/www.wspay.info\/\" target=\"_blank\" rel=\"noopener noreferrer\"><img loading=\"lazy\" decoding=\"async\" style=\"margin-right: 10px;\" src=\"https:\/\/adluxury.eu\/wp-content\/uploads\/2020\/11\/WsPay-106x50-1.png\" alt=\"WSpay - Web Secure Payment Gateway\" width=\"106\" height=\"50\" border=\"0\" \/> <\/a> <a title=\"Mastercard\u00ae Identity Check\" href=\"https:\/\/www.mastercard.us\/en-us.html\" target=\"_blank\" rel=\"noopener noreferrer\"><img loading=\"lazy\" decoding=\"async\" style=\"margin-right: 10px;\" src=\"https:\/\/adluxury.eu\/wp-content\/uploads\/2020\/11\/mastercard-identity-check.png\" alt=\"Mastercard\u00ae Identity Check\" width=\"50\" height=\"50\" border=\"0\" \/> <\/a> <a title=\"Visa Secure\" href=\"https:\/\/www.visa.co.uk\/pay-with-visa\/featured-technologies\/verified-by-visa.html\" target=\"_blank\" rel=\"noopener noreferrer\"><img loading=\"lazy\" decoding=\"async\" src=\"https:\/\/adluxury.eu\/wp-content\/uploads\/2020\/11\/visa-secure.png\" alt=\"Visa Secure\" width=\"50\" height=\"50\" border=\"0\" \/> <\/a><\/p>\n<h3>Izjava o konverziji<\/h3>\n<p>Sva pla\u0107anja vr\u0161it \u0107e se u hrvatskoj valuti. Iznos za koji \u0107e se naplatiti va\u0161 ra\u010dun kreditne kartice dobiva se pretvaranjem cijene u eurima u hrvatske kune prema trenutnom te\u010daju Hrvatske narodne banke. Tijekom punjenja kreditne kartice, isti iznos pretvara se u va\u0161u lokalnu valutu prema te\u010daju udru\u017eenja kreditnih kartica. Kao rezultat ove konverzije postoji mogu\u0107nost male razlike u odnosu na izvornu cijenu navedenu na na\u0161oj web stranici.<\/p>\n<h3>Cijena smje\u0161taja<\/h3>\n<p>Uz svaku jedinicu smje\u0161taja na\u0107i \u0107ete tjedne cijene smje\u0161taja u eurima koje obuhva\u0107aju temeljne usluge.<\/p>\n<p>Maksimalni broj gostiju, uklju\u010duju\u0107i djecu, ne smije se prema\u0161iti. Vlasnik ima pravo otkazati najam bez prethodne obavijesti i bez povrata pologa ako se prema\u0161i maksimalni dopu\u0161teni broj gostiju.<\/p>\n<p>Vlasnik smje\u0161taja odre\u0111uje cijenu i zadr\u017eava pravo da je promijeni u bilo kojem trenutku. Adluxury holiday daje jamstvo gostu koji je platio polog za rezervirani smje\u0161taj da \u0107e cijena ostati ista kao u trenutku rezervacije.<\/p>\n<p>Naknada za booking od 2% nije uklju\u010dena u cijenu smje\u0161taja. Adluxury holiday zadr\u017eava pravo da u pojedinim slu\u010dajevima gostima ne naplati naknadu za booking.<\/p>\n<p>Dodatne usluge nisu uklju\u010dene u cijenu te ih gost pla\u0107a zasebno.<\/p>\n<h3>Turisti\u010dka pristojba<\/h3>\n<p>Prema hrvatskom zakonu svi gosti du\u017eni su platiti turisti\u010dku pristojbu po dolasku u odredi\u0161te u kojemu su rezervirali smje\u0161taj. Turisti\u010dka pristojba za odrasle iznosi 1.40 do 1.60 eura dnevno. Djeca mla\u0111a od 18 godina pla\u0107aju 50% ni\u017eu pristojbu, a djeca mla\u0111a od 12 godina oslobo\u0111ena su pla\u0107anja pristojbe.<\/p>\n<p>U svim potvrdama o rezervaciji navodi se turisti\u010dka pristojba ako je cijena smje\u0161taja ne obuhva\u0107a. Molimo vas da potvrdu o rezervaciji pa\u017eljivo pro\u010ditate.<\/p>\n<h3>Dodatne usluge<\/h3>\n<p>Dodatne usluge ugovaraju se prije rezervacije ili neposredno nakon rezervacije s obzirom na to da je za organizaciju dodatnih usluga potrebno odvojiti vrijeme.<\/p>\n<p>Pla\u0107anje dodatnih usluga obavlja se u smje\u0161tajnom kapacitetu osim u iznimnim slu\u010dajevima.<\/p>\n<p>Cijene dodatnih usluga mogu se promijeniti u bilo kojem trenutku. Ako se cijena dodatnih usluga promijeni nakon rezervacije dodatnih usluga, klijent zadr\u017eava prava na otkazivanje rezervacije dodatnih usluga u bilo kojem trenutku.<\/p>\n<p>Adluxury holiday nije odgovoran za usluge koje pru\u017eaju tre\u0107e strane.<\/p>\n<h3>Prtljaga<\/h3>\n<p>Adluxury holiday nije odgovoran prtljagu koja je uni\u0161tena, izgubljena ili ukradena u smje\u0161tajnoj jedinici.<\/p>\n<h3>Op\u0107e informacije<\/h3>\n<p>Sve op\u0107e informacije o pojedinim smje\u0161tajnim jedinicama, kao \u0161to su polog, posteljina i ru\u010dnici, ku\u0107ni ljubimci i ostalo, gosti mogu na\u0107i na web stranici Adluxury holiday u opisu svake smje\u0161tajne jedinice.<\/p>\n<h3>Otkazivanje i izmjene rezervacije<\/h3>\n<p>Ako \u017eelite otkazati ili izmijeniti rezervaciju, mo\u017eete nam se javiti e-po\u0161tom na <a href=\"mailto:vilamonaco5@gmail.com\">vilamonaco5@gmail.com<\/a>. Otkazivanje stupa na snagu onoga dana kada ga zaprimi Adluxury holiday. Ako obavijest o otkazivanju stigne izvan radnog vremena, na snagu stupa sljede\u0107ega radnog dana. U svakom slu\u010daju rezervaciju otkazati mo\u017ee samo vo\u0111a skupine.<\/p>\n<p>Dokaz o slanju nije dokaz o primanju obavijesti. Potrebna vam je pismena potvrda Adluxury holiday o svim promjenama rezervacije prije dolaska.<\/p>\n<p>Izmjene i otkazivanje rezervacije prihva\u0107aju se u skladu s uvjetima kori\u0161tenja usluge Adluxury holiday. U slu\u010daju otkazivanja rezervacije u bilo kojem trenutku Adluxury holiday zadr\u017eava pravo napla\u0107ivanja tro\u0161ka rezervacije u maksimalnom iznosu od 20% ukupnog iznosa upla\u0107enog do trenutka otkazivanja rezervacije.<\/p>\n<p>Promjene imena, datuma i broja putnika ne napla\u0107uju se. Promjene datuma smje\u0161taja mogu\u0107e su prema dogovoru te isklju\u010divo u iznimnim slu\u010dajevima.<\/p>\n<p>Osim ako nije druk\u010dije navedeno u potvrdi o rezervaciji, otkazivanjem rezervacije u ve\u0107ini slu\u010dajeva gubite polog, a ako ste iznos rezervacije uplatili u cijelosti najkasnije 8 tjedana prije datuma dolaska, gubite cijeli iznos.<\/p>\n<p>U slu\u010daju otkazivanja rezervacije u skladu s posebnom ponudom ili po sni\u017eenoj cijeni, ne\u0107ete dobiti povrat.<\/p>\n<p>Ako Adluxury holiday i gost iz bilo kojeg razloga dogovore pla\u0107anje u cijelosti nakon dolaska gosta, a ne prije dolaska gosta, gost je obvezan platiti preostali iznos rezervacije uplatom na bankovni ra\u010dun ako se rezervacija otka\u017ee.<\/p>\n<p>U iznimnim slu\u010dajevima te u dogovoru s vlasnikom smje\u0161tajne jedinice, Adluxury holiday gostu mo\u017ee vratiti dio uplate.<\/p>\n<h3>Odgovornost Adluxury holiday<\/h3>\n<p>Adluxury holiday odgovoran je za upravljanje pru\u017eanjem usluga te za za\u0161titu interesa i prava gosta u dobroj vjeri te u skladu s op\u0107im na\u010delima turisti\u010dke djelatnosti.<\/p>\n<h3>Odgovornost gosta<\/h3>\n<p>Gost je du\u017ean imati valjane putne isprave, pridr\u017eavati se carinskih i deviznih ograni\u010denja te ishoditi vizu za boravak u Republici Hrvatskoj prema potrebi.<\/p>\n<p>Gost mora po\u0161tovati ku\u0107ni red smje\u0161tajne jedinice te ga se pridr\u017eavati u dobroj vjeri. Ako gost ne po\u0161tuje ku\u0107ni red, vlasnik jedinice mo\u017ee ga u svakom trenutku zamoliti da napusti smje\u0161taj.<\/p>\n<p>Ako gost nanese \u0161tetu smje\u0161tajnoj jedinici zbog nepa\u017eljivog i neodgovornog pona\u0161anja, du\u017ean je podmiriti tro\u0161kove nastale zbog \u0161tete.<\/p>\n<p>U nekim \u0107e slu\u010dajevima gost po dolasku morati s vlasnikom smje\u0161tajne jedinice potpisati dodatni ugovor koji obuhva\u0107a ku\u0107ni red.<\/p>\n<h3>Osiguranje<\/h3>\n<p>Toplo preporu\u010dujemo osobno putno osiguranje za sve \u010dlanove va\u0161e skupine. Vi se morate pobrinuti da osiguranje koje kupite pokriva va\u0161e potrebe. Tako\u0111er preporu\u010dujemo i osiguranje u slu\u010daju otkaza rezervacije.<\/p>\n<h3>Rje\u0161avanje sporova<\/h3>\n<p>Ako imate problema ili primjedbi tijekom odmora u na\u0161oj smje\u0161tajnoj jedinici, morate ih odmah prijaviti vlasniku smje\u0161tajne jedinice i Adluxury holiday.<\/p>\n<p>Ako to ne u\u010dinite, ne\u0107emo mo\u0107i istra\u017eiti o \u010demu je rije\u010d i rije\u0161iti va\u0161u pritu\u017ebu, stoga se naknadne pritu\u017ebe ne\u0107e razmatrati.<\/p>\n<p>Ako su pritu\u017ebe osnovane i objektivne, Adluxury holiday poduzet \u0107e sve mjere da rije\u0161i spornu situaciju. Ako pritu\u017ebe nisu osnovane i objektivne, Adluxury holiday ne\u0107e mo\u0107i pomo\u0107i gostu.<\/p>\n<h3>Nadle\u017enost<\/h3>\n<p>Ako gost nije zadovoljan rje\u0161avanjem pritu\u017ebe, ima pravo pokrenuti odgovaraju\u0107e pravne mjere na Trgova\u010dkom sudu u Pazinu.<\/p>\n<h3>Zavr\u0161na obavijest<\/h3>\n<p>Gost prihva\u0107a ove Uvjete kori\u0161tenja uplatom pologa Adluxury holiday.<\/p>\n<p><em>&#8211; tvrtka i sjedi\u0161te<\/em><\/p>\n<p>Apartmani Dizdar d.o.o.<\/p>\n<ul class=\"elementor-icon-list-items\">\n<li>Svetvincenat, Pula<\/li>\n<li>Mobile: +385 95 999 2019<\/li>\n<li>vilamonaco5@gmail.com<\/li>\n<\/ul>\n","protected":false},"excerpt":{"rendered":"<p>Rezervacija i pla\u0107anje Mo\u017eete poslati upit putem na\u0161e web stranice adluxury.eu\u00a0ili e-po\u0161tom na vilamonaco5@gmail.com. Nakon \u0161to primimo va\u0161u potvrdu o pla\u0107anju, dobit \u0107ete vau\u010der. Molimo vas da ga pa\u017eljivo pregledate te da nam odmah javite ako vau\u010der sadr\u017ei neto\u010dne ili nepotpune informacije. Komunikacija e-po\u0161tom izme\u0111u gosta i Adluxury holiday te vau\u010der koji Adluxury holiday izdaje &hellip; <a href=\"https:\/\/adluxury.eu\/hr\/uvjeti-koristenja\/\" class=\"more-link\">Continue reading<span class=\"screen-reader-text\"> &#8220;Uvjeti kori\u0161tenja&#8221;<\/span><\/a><\/p>\n","protected":false},"author":8,"featured_media":0,"parent":0,"menu_order":0,"comment_status":"closed","ping_status":"closed","template":"","meta":{"footnotes":""},"_links":{"self":[{"href":"https:\/\/adluxury.eu\/hr\/wp-json\/wp\/v2\/pages\/3312\/"}],"collection":[{"href":"https:\/\/adluxury.eu\/hr\/wp-json\/wp\/v2\/pages\/"}],"about":[{"href":"https:\/\/adluxury.eu\/hr\/wp-json\/wp\/v2\/types\/page\/"}],"author":[{"embeddable":true,"href":"https:\/\/adluxury.eu\/hr\/wp-json\/wp\/v2\/users\/8\/"}],"replies":[{"embeddable":true,"href":"https:\/\/adluxury.eu\/hr\/wp-json\/wp\/v2\/comments\/?post=3312"}],"version-history":[{"count":5,"href":"https:\/\/adluxury.eu\/hr\/wp-json\/wp\/v2\/pages\/3312\/revisions\/"}],"predecessor-version":[{"id":3319,"href":"https:\/\/adluxury.eu\/hr\/wp-json\/wp\/v2\/pages\/3312\/revisions\/3319\/"}],"wp:attachment":[{"href":"https:\/\/adluxury.eu\/hr\/wp-json\/wp\/v2\/media\/?parent=3312"}],"curies":[{"name":"wp","href":"https:\/\/api.w.org\/{rel}","templated":true}]}}