{"id":4188,"date":"2022-06-16T08:19:53","date_gmt":"2022-06-16T08:19:53","guid":{"rendered":"https:\/\/adluxury.holiday\/potvrda-rezervacije\/rezervacija-potvrdena\/"},"modified":"2022-06-16T08:19:53","modified_gmt":"2022-06-16T08:19:53","slug":"rezervacija-potvrdena","status":"publish","type":"page","link":"https:\/\/adluxury.eu\/hr\/potvrda-rezervacije\/rezervacija-potvrdena\/","title":{"rendered":"Rezervacija potvr\u0111ena"},"content":{"rendered":"<p>Sa zadovoljstvom Vas obavje\u0161tavamo da je Va\u0161 zahtjev za rezervaciju primljen i potvr\u0111en.<\/p>\n","protected":false},"excerpt":{"rendered":"<p>Sa zadovoljstvom Vas obavje\u0161tavamo da je Va\u0161 zahtjev za rezervaciju primljen i potvr\u0111en.<\/p>\n","protected":false},"author":1,"featured_media":0,"parent":3202,"menu_order":0,"comment_status":"closed","ping_status":"closed","template":"","meta":{"footnotes":""},"_links":{"self":[{"href":"https:\/\/adluxury.eu\/hr\/wp-json\/wp\/v2\/pages\/4188\/"}],"collection":[{"href":"https:\/\/adluxury.eu\/hr\/wp-json\/wp\/v2\/pages\/"}],"about":[{"href":"https:\/\/adluxury.eu\/hr\/wp-json\/wp\/v2\/types\/page\/"}],"author":[{"embeddable":true,"href":"https:\/\/adluxury.eu\/hr\/wp-json\/wp\/v2\/users\/1\/"}],"replies":[{"embeddable":true,"href":"https:\/\/adluxury.eu\/hr\/wp-json\/wp\/v2\/comments\/?post=4188"}],"version-history":[{"count":0,"href":"https:\/\/adluxury.eu\/hr\/wp-json\/wp\/v2\/pages\/4188\/revisions\/"}],"up":[{"embeddable":true,"href":"https:\/\/adluxury.eu\/hr\/wp-json\/wp\/v2\/pages\/3202\/"}],"wp:attachment":[{"href":"https:\/\/adluxury.eu\/hr\/wp-json\/wp\/v2\/media\/?parent=4188"}],"curies":[{"name":"wp","href":"https:\/\/api.w.org\/{rel}","templated":true}]}}